{"id":108916,"date":"2025-02-15T13:52:08","date_gmt":"2025-02-15T12:52:08","guid":{"rendered":"https:\/\/oceanhome.es\/about-ocean-home\/"},"modified":"2025-05-13T11:42:16","modified_gmt":"2025-05-13T09:42:16","slug":"about-ocean-home","status":"publish","type":"page","link":"https:\/\/oceanhome.es\/es\/about-ocean-home\/","title":{"rendered":"ACERCA DE OCEANHOME"},"content":{"rendered":"\t\t<div data-elementor-type=\"wp-page\" data-elementor-id=\"108916\" class=\"elementor elementor-108916 elementor-193\" data-elementor-post-type=\"page\">\n\t\t\t\t<div class=\"elementor-element elementor-element-10eee3f e-flex e-con-boxed e-con e-parent\" data-id=\"10eee3f\" data-element_type=\"container\">\n\t\t\t\t\t<div class=\"e-con-inner\">\n\t\t<div class=\"elementor-element elementor-element-4299049 e-con-full e-flex e-con e-child\" data-id=\"4299049\" data-element_type=\"container\">\n\t\t\t\t<div class=\"elementor-element elementor-element-1841558 elementor-widget elementor-widget-houzez-property-breadcrumb\" data-id=\"1841558\" data-element_type=\"widget\" data-widget_type=\"houzez-property-breadcrumb.default\">\n\t\t\t\t<div class=\"elementor-widget-container\">\n\t\t\t\t\t<div class=\"breadcrumb-wrap\"><ol class=\"breadcrumb\"><li class=\"breadcrumb-item breadcrumb-item-home\"><i class=\"houzez-icon icon-house\"><\/i><a href=\"https:\/\/oceanhome.es\/es\/\/\">Home<\/a><\/li><li class=\"breadcrumb-item active\">P\u00e1ginas<\/li><\/ol><\/div>\t\t\t\t<\/div>\n\t\t\t\t<\/div>\n\t\t\t\t<div class=\"elementor-element elementor-element-73af998 elementor-widget elementor-widget-heading\" data-id=\"73af998\" data-element_type=\"widget\" data-widget_type=\"heading.default\">\n\t\t\t\t<div class=\"elementor-widget-container\">\n\t\t\t\t\t<h2 class=\"elementor-heading-title elementor-size-default\">Donde la experiencia se une con la excelencia, m\u00e1s all\u00e1 de las fronteras.<\/h2>\t\t\t\t<\/div>\n\t\t\t\t<\/div>\n\t\t\t\t<div class=\"elementor-element elementor-element-37c0661 elementor-widget elementor-widget-heading\" data-id=\"37c0661\" data-element_type=\"widget\" data-widget_type=\"heading.default\">\n\t\t\t\t<div class=\"elementor-widget-container\">\n\t\t\t\t\t<h3 class=\"elementor-heading-title elementor-size-default\">Un enfoque fresco, profesional y seguro en servicios inmobiliarios.<\/h3>\t\t\t\t<\/div>\n\t\t\t\t<\/div>\n\t\t\t\t<div class=\"elementor-element elementor-element-1b46e27 elementor-widget elementor-widget-text-editor\" data-id=\"1b46e27\" data-element_type=\"widget\" data-widget_type=\"text-editor.default\">\n\t\t\t\t<div class=\"elementor-widget-container\">\n\t\t\t\t\t\t\t\t\t<p class=\"\" data-start=\"358\" data-end=\"618\">En <strong data-start=\"361\" data-end=\"387\">Ocean Home Real Estate<\/strong> ofrecemos una nueva manera de entender el sector inmobiliario. Nuestra visi\u00f3n nace de m\u00e1s de diez a\u00f1os de experiencia en la industria de seguros, donde proteger los intereses de nuestros clientes siempre ha sido nuestra prioridad.<\/p><p class=\"\" data-start=\"620\" data-end=\"915\">Esa trayectoria nos ha ense\u00f1ado el valor de la <strong data-start=\"667\" data-end=\"680\">confianza<\/strong>, la <strong data-start=\"685\" data-end=\"702\">transparencia<\/strong> y la <strong data-start=\"708\" data-end=\"727\">profesionalidad<\/strong>. Valores que hoy trasladamos al mundo inmobiliario para brindar un servicio que va m\u00e1s all\u00e1 de comprar o vender propiedades: se trata de proteger tu inversi\u00f3n con integridad y compromiso.<\/p><p class=\"\" data-start=\"917\" data-end=\"1362\">Durante a\u00f1os, la falta de regulaci\u00f3n en el sector inmobiliario nos mantuvo cautelosos. No est\u00e1bamos dispuestos a comprometer la seguridad financiera de nuestros clientes ni nuestros est\u00e1ndares \u00e9ticos.<br data-start=\"1117\" data-end=\"1120\" \/>Pero con la regulaci\u00f3n implementada en 2021, se abri\u00f3 una nueva etapa: una oportunidad para <strong data-start=\"1212\" data-end=\"1253\">redefinir la experiencia inmobiliaria<\/strong>, aplicando todo nuestro conocimiento en protecci\u00f3n patrimonial con un enfoque 100% centrado en las personas.<\/p><p class=\"\" data-start=\"1364\" data-end=\"1518\">En Ocean Home Real Estate, te acompa\u00f1amos con cercan\u00eda y profesionalismo en cada paso, para que encuentres no solo una propiedad, sino un verdadero hogar.<\/p>\t\t\t\t\t\t\t\t<\/div>\n\t\t\t\t<\/div>\n\t\t\t\t<\/div>\n\t\t<div class=\"elementor-element elementor-element-303fef0 e-con-full e-flex e-con e-child\" data-id=\"303fef0\" data-element_type=\"container\" data-settings=\"{&quot;background_background&quot;:&quot;classic&quot;}\">\n\t\t\t\t<\/div>\n\t\t\t\t\t<\/div>\n\t\t\t\t<\/div>\n\t\t<div class=\"elementor-element elementor-element-5753c4d e-flex e-con-boxed e-con e-parent\" data-id=\"5753c4d\" data-element_type=\"container\" data-settings=\"{&quot;background_background&quot;:&quot;classic&quot;}\">\n\t\t\t\t\t<div class=\"e-con-inner\">\n\t\t\t\t<div class=\"elementor-element elementor-element-41713b2 elementor-widget elementor-widget-heading\" data-id=\"41713b2\" data-element_type=\"widget\" data-widget_type=\"heading.default\">\n\t\t\t\t<div class=\"elementor-widget-container\">\n\t\t\t\t\t<h2 class=\"elementor-heading-title elementor-size-default\">S\u00e9 parte de esta aventura<\/h2>\t\t\t\t<\/div>\n\t\t\t\t<\/div>\n\t\t\t\t<div class=\"elementor-element elementor-element-e06eb3b elementor-widget elementor-widget-heading\" data-id=\"e06eb3b\" data-element_type=\"widget\" data-widget_type=\"heading.default\">\n\t\t\t\t<div class=\"elementor-widget-container\">\n\t\t\t\t\t<h2 class=\"elementor-heading-title elementor-size-default\">Juntos, descubriremos algo especial<\/h2>\t\t\t\t<\/div>\n\t\t\t\t<\/div>\n\t\t\t\t\t<\/div>\n\t\t\t\t<\/div>\n\t\t<div class=\"elementor-element elementor-element-bbd5ca0 e-flex e-con-boxed e-con e-parent\" data-id=\"bbd5ca0\" data-element_type=\"container\">\n\t\t\t\t\t<div class=\"e-con-inner\">\n\t\t<div class=\"elementor-element elementor-element-0f57142 e-con-full e-flex e-con e-child\" data-id=\"0f57142\" data-element_type=\"container\">\n\t\t\t\t<div class=\"elementor-element elementor-element-cd8f6a3 elementor-widget elementor-widget-heading\" data-id=\"cd8f6a3\" data-element_type=\"widget\" data-widget_type=\"heading.default\">\n\t\t\t\t<div class=\"elementor-widget-container\">\n\t\t\t\t\t<h3 class=\"elementor-heading-title elementor-size-default\">Expertos en Bienes Ra\u00edces Internacionales \u2013 Conectando Europa con Bali<\/h3>\t\t\t\t<\/div>\n\t\t\t\t<\/div>\n\t\t\t\t<div class=\"elementor-element elementor-element-7062fe9 elementor-widget elementor-widget-text-editor\" data-id=\"7062fe9\" data-element_type=\"widget\" data-widget_type=\"text-editor.default\">\n\t\t\t\t<div class=\"elementor-widget-container\">\n\t\t\t\t\t\t\t\t\t<div class=\"elementor-element elementor-element-bc3a487 e-con-full e-flex e-con e-child\" data-id=\"bc3a487\" data-element_type=\"container\"><div class=\"elementor-element elementor-element-b988175 elementor-widget elementor-widget-text-editor\" data-id=\"b988175\" data-element_type=\"widget\" data-widget_type=\"text-editor.default\"><div class=\"elementor-widget-container\"><p class=\"\" data-start=\"257\" data-end=\"608\">En <strong data-start=\"260\" data-end=\"286\">Ocean Home Real Estate<\/strong>, nos enorgullece operar a nivel global, conectando <strong data-start=\"338\" data-end=\"368\">Europa con Bali, Indonesia<\/strong>, a trav\u00e9s de <strong data-start=\"382\" data-end=\"424\">oportunidades inmobiliarias exclusivas<\/strong>. Ya sea que est\u00e9s buscando un apartamento de lujo en Espa\u00f1a o una villa frente al mar en Bali, ofrecemos una <strong data-start=\"534\" data-end=\"582\">experiencia profesional y sin interrupciones<\/strong> que trasciende fronteras.<\/p><p class=\"\" data-start=\"610\" data-end=\"875\">Nuestro equipo internacional combina la <strong data-start=\"650\" data-end=\"675\">eficiencia finlandesa<\/strong>, la <strong data-start=\"680\" data-end=\"701\">precisi\u00f3n alemana<\/strong> y una profunda <strong data-start=\"717\" data-end=\"738\">experiencia local<\/strong>, creando una fusi\u00f3n \u00fanica de culturas y habilidades que garantiza un <strong data-start=\"808\" data-end=\"847\">servicio inmobiliario personalizado<\/strong> adaptado a tus necesidades.<\/p><\/div><\/div><\/div>\t\t\t\t\t\t\t\t<\/div>\n\t\t\t\t<\/div>\n\t\t\t\t<div class=\"elementor-element elementor-element-93a4dc6 elementor-widget elementor-widget-heading\" data-id=\"93a4dc6\" data-element_type=\"widget\" data-widget_type=\"heading.default\">\n\t\t\t\t<div class=\"elementor-widget-container\">\n\t\t\t\t\t<h3 class=\"elementor-heading-title elementor-size-default\">Inmobiliaria con Integridad y Confianza<\/h3>\t\t\t\t<\/div>\n\t\t\t\t<\/div>\n\t\t\t\t<div class=\"elementor-element elementor-element-5a71e28 elementor-widget elementor-widget-text-editor\" data-id=\"5a71e28\" data-element_type=\"widget\" data-widget_type=\"text-editor.default\">\n\t\t\t\t<div class=\"elementor-widget-container\">\n\t\t\t\t\t\t\t\t\t<div class=\"elementor-element elementor-element-bc3a487 e-con-full e-flex e-con e-child\" data-id=\"bc3a487\" data-element_type=\"container\"><div class=\"elementor-element elementor-element-b988175 elementor-widget elementor-widget-text-editor\" data-id=\"b988175\" data-element_type=\"widget\" data-widget_type=\"text-editor.default\"><div class=\"elementor-widget-container\">Creemos que el sector inmobiliario es mucho m\u00e1s que comprar y vender propiedades: se trata de construir relaciones basadas en la <strong data-start=\"1055\" data-end=\"1068\">confianza<\/strong>. Por eso tratamos a cada cliente con <strong data-start=\"1106\" data-end=\"1135\">honestidad, transparencia<\/strong> y una <strong data-start=\"1142\" data-end=\"1176\">meticulosa atenci\u00f3n al detalle<\/strong>. Desde la primera consulta hasta los tr\u00e1mites legales finales, priorizamos tu <strong data-start=\"1255\" data-end=\"1268\">seguridad<\/strong>, <strong data-start=\"1270\" data-end=\"1286\">satisfacci\u00f3n<\/strong> y <strong data-start=\"1289\" data-end=\"1312\">\u00e9xito a largo plazo<\/strong>.<\/div><\/div><\/div>\t\t\t\t\t\t\t\t<\/div>\n\t\t\t\t<\/div>\n\t\t\t\t<div class=\"elementor-element elementor-element-87ca6cf elementor-widget elementor-widget-heading\" data-id=\"87ca6cf\" data-element_type=\"widget\" data-widget_type=\"heading.default\">\n\t\t\t\t<div class=\"elementor-widget-container\">\n\t\t\t\t\t<h3 class=\"elementor-heading-title elementor-size-default\">Oportunidades de Inversi\u00f3n Inmobiliaria en Bali<\/h3>\t\t\t\t<\/div>\n\t\t\t\t<\/div>\n\t\t\t\t<div class=\"elementor-element elementor-element-872be7c elementor-widget elementor-widget-text-editor\" data-id=\"872be7c\" data-element_type=\"widget\" data-widget_type=\"text-editor.default\">\n\t\t\t\t<div class=\"elementor-widget-container\">\n\t\t\t\t\t\t\t\t\t<div class=\"elementor-element elementor-element-bc3a487 e-con-full e-flex e-con e-child\" data-id=\"bc3a487\" data-element_type=\"container\"><div class=\"elementor-element elementor-element-b988175 elementor-widget elementor-widget-text-editor\" data-id=\"b988175\" data-element_type=\"widget\" data-widget_type=\"text-editor.default\"><div class=\"elementor-widget-container\"><p class=\"\" data-start=\"1372\" data-end=\"1690\">Como destino reconocido a nivel mundial, <strong data-start=\"1413\" data-end=\"1482\">Bali ofrece oportunidades excepcionales de inversi\u00f3n inmobiliaria<\/strong>, tanto para compradores particulares como para grandes inversores. Gracias a nuestro profundo conocimiento del <strong data-start=\"1594\" data-end=\"1626\">mercado inmobiliario en Bali<\/strong>, te ayudamos a tomar decisiones informadas con total confianza.<\/p><p class=\"\" data-start=\"1692\" data-end=\"1859\">Desde <strong data-start=\"1698\" data-end=\"1726\">villas de lujo en Canggu<\/strong> hasta <strong data-start=\"1733\" data-end=\"1769\">proyectos sobre plano en Uluwatu<\/strong>, nuestra visi\u00f3n local y asesor\u00eda profesional te aseguran el m\u00e1ximo valor en tu inversi\u00f3n.<\/p><\/div><\/div><\/div>\t\t\t\t\t\t\t\t<\/div>\n\t\t\t\t<\/div>\n\t\t\t\t<div class=\"elementor-element elementor-element-45eca6f elementor-widget elementor-widget-heading\" data-id=\"45eca6f\" data-element_type=\"widget\" data-widget_type=\"heading.default\">\n\t\t\t\t<div class=\"elementor-widget-container\">\n\t\t\t\t\t<h3 class=\"elementor-heading-title elementor-size-default\">Una Nueva Era en Servicios Inmobiliarios<\/h3>\t\t\t\t<\/div>\n\t\t\t\t<\/div>\n\t\t\t\t<div class=\"elementor-element elementor-element-b0c31b7 elementor-widget elementor-widget-text-editor\" data-id=\"b0c31b7\" data-element_type=\"widget\" data-widget_type=\"text-editor.default\">\n\t\t\t\t<div class=\"elementor-widget-container\">\n\t\t\t\t\t\t\t\t\t<div class=\"elementor-element elementor-element-bc3a487 e-con-full e-flex e-con e-child\" data-id=\"bc3a487\" data-element_type=\"container\"><div class=\"elementor-element elementor-element-b988175 elementor-widget elementor-widget-text-editor\" data-id=\"b988175\" data-element_type=\"widget\" data-widget_type=\"text-editor.default\"><div class=\"elementor-widget-container\">En Ocean Home Real Estate, <strong data-start=\"1938\" data-end=\"1984\">tu confianza es nuestro activo m\u00e1s valioso<\/strong> y tu tranquilidad, nuestra mayor prioridad.<br data-start=\"2028\" data-end=\"2031\" \/>Bienvenido a un <strong data-start=\"2047\" data-end=\"2098\">nuevo est\u00e1ndar en bienes ra\u00edces internacionales<\/strong>, donde la <strong data-start=\"2109\" data-end=\"2123\">integridad<\/strong>, la <strong data-start=\"2128\" data-end=\"2147\">profesionalidad<\/strong> y la <strong data-start=\"2153\" data-end=\"2167\">excelencia<\/strong> se unen para ayudarte a descubrir la propiedad de tus sue\u00f1os\u2014sin importar a d\u00f3nde te lleve la vida.<\/div><\/div><\/div>\t\t\t\t\t\t\t\t<\/div>\n\t\t\t\t<\/div>\n\t\t\t\t<\/div>\n\t\t<div class=\"elementor-element elementor-element-9d888e5 e-con-full e-flex e-con e-child\" data-id=\"9d888e5\" data-element_type=\"container\" data-settings=\"{&quot;background_background&quot;:&quot;classic&quot;}\">\n\t\t\t\t<\/div>\n\t\t\t\t\t<\/div>\n\t\t\t\t<\/div>\n\t\t\t\t<\/div>\n\t\t","protected":false},"excerpt":{"rendered":"<p>Donde la experiencia se une con la excelencia, m\u00e1s all\u00e1 de las fronteras. Un enfoque fresco, profesional y seguro en servicios inmobiliarios. En Ocean Home Real Estate ofrecemos una nueva manera de entender el sector inmobiliario. Nuestra visi\u00f3n nace de m\u00e1s de diez a\u00f1os de experiencia en la industria de seguros, donde proteger los intereses [&hellip;]<\/p>\n","protected":false},"author":1,"featured_media":0,"parent":0,"menu_order":0,"comment_status":"closed","ping_status":"closed","template":"elementor_header_footer","meta":{"inline_featured_image":false,"_monsterinsights_skip_tracking":false,"_monsterinsights_sitenote_active":false,"_monsterinsights_sitenote_note":"","_monsterinsights_sitenote_category":0,"_uf_show_specific_survey":0,"_uf_disable_surveys":false,"footnotes":""},"class_list":["post-108916","page","type-page","status-publish","hentry"],"aioseo_notices":[],"_links":{"self":[{"href":"https:\/\/oceanhome.es\/es\/wp-json\/wp\/v2\/pages\/108916","targetHints":{"allow":["GET"]}}],"collection":[{"href":"https:\/\/oceanhome.es\/es\/wp-json\/wp\/v2\/pages"}],"about":[{"href":"https:\/\/oceanhome.es\/es\/wp-json\/wp\/v2\/types\/page"}],"author":[{"embeddable":true,"href":"https:\/\/oceanhome.es\/es\/wp-json\/wp\/v2\/users\/1"}],"replies":[{"embeddable":true,"href":"https:\/\/oceanhome.es\/es\/wp-json\/wp\/v2\/comments?post=108916"}],"version-history":[{"count":14,"href":"https:\/\/oceanhome.es\/es\/wp-json\/wp\/v2\/pages\/108916\/revisions"}],"predecessor-version":[{"id":108936,"href":"https:\/\/oceanhome.es\/es\/wp-json\/wp\/v2\/pages\/108916\/revisions\/108936"}],"wp:attachment":[{"href":"https:\/\/oceanhome.es\/es\/wp-json\/wp\/v2\/media?parent=108916"}],"curies":[{"name":"wp","href":"https:\/\/api.w.org\/{rel}","templated":true}]}}