{"id":108914,"date":"2025-02-15T13:52:08","date_gmt":"2025-02-15T12:52:08","guid":{"rendered":"https:\/\/oceanhome.es\/about-ocean-home\/"},"modified":"2025-05-13T11:39:43","modified_gmt":"2025-05-13T09:39:43","slug":"meista","status":"publish","type":"page","link":"https:\/\/oceanhome.es\/fi\/meista\/","title":{"rendered":"MEIST\u00c4"},"content":{"rendered":"\t\t<div data-elementor-type=\"wp-page\" data-elementor-id=\"108914\" class=\"elementor elementor-108914 elementor-193\" data-elementor-post-type=\"page\">\n\t\t\t\t<div class=\"elementor-element elementor-element-10eee3f e-flex e-con-boxed e-con e-parent\" data-id=\"10eee3f\" data-element_type=\"container\">\n\t\t\t\t\t<div class=\"e-con-inner\">\n\t\t<div class=\"elementor-element elementor-element-4299049 e-con-full e-flex e-con e-child\" data-id=\"4299049\" data-element_type=\"container\">\n\t\t\t\t<div class=\"elementor-element elementor-element-1841558 elementor-widget elementor-widget-houzez-property-breadcrumb\" data-id=\"1841558\" data-element_type=\"widget\" data-widget_type=\"houzez-property-breadcrumb.default\">\n\t\t\t\t<div class=\"elementor-widget-container\">\n\t\t\t\t\t<div class=\"breadcrumb-wrap\"><ol class=\"breadcrumb\"><li class=\"breadcrumb-item breadcrumb-item-home\"><i class=\"houzez-icon icon-house\"><\/i><a href=\"https:\/\/oceanhome.es\/fi\/\/\">Home<\/a><\/li><li class=\"breadcrumb-item active\">Sivut<\/li><\/ol><\/div>\t\t\t\t<\/div>\n\t\t\t\t<\/div>\n\t\t\t\t<div class=\"elementor-element elementor-element-73af998 elementor-widget elementor-widget-heading\" data-id=\"73af998\" data-element_type=\"widget\" data-widget_type=\"heading.default\">\n\t\t\t\t<div class=\"elementor-widget-container\">\n\t\t\t\t\t<h2 class=\"elementor-heading-title elementor-size-default\">Miss\u00e4 kokemus kohtaa erinomaisuuden \u2013 yli rajojen.<\/h2>\t\t\t\t<\/div>\n\t\t\t\t<\/div>\n\t\t\t\t<div class=\"elementor-element elementor-element-df83410 elementor-widget elementor-widget-heading\" data-id=\"df83410\" data-element_type=\"widget\" data-widget_type=\"heading.default\">\n\t\t\t\t<div class=\"elementor-widget-container\">\n\t\t\t\t\t<h3 class=\"elementor-heading-title elementor-size-default\">Raikas, ammattimainen ja turvallinen l\u00e4hestymistapa kansainv\u00e4lisiin kiinteist\u00f6palveluihin.<\/h3>\t\t\t\t<\/div>\n\t\t\t\t<\/div>\n\t\t\t\t<div class=\"elementor-element elementor-element-1b46e27 elementor-widget elementor-widget-text-editor\" data-id=\"1b46e27\" data-element_type=\"widget\" data-widget_type=\"text-editor.default\">\n\t\t\t\t<div class=\"elementor-widget-container\">\n\t\t\t\t\t\t\t\t\t<p>Ocean Home Real Estatella tarjoamme uuden n\u00e4k\u00f6kulman kiinteist\u00f6alaan. N\u00e4kemyksemme pohjautuu yli kymmenen vuoden kokemukseen vakuutusalalta, miss\u00e4 asiakkaidemme etujen suojeleminen on aina ollut ensisijainen tavoitteemme.<\/p>\n<p>T\u00e4m\u00e4 tausta on opettanut meille luottamuksen, l\u00e4pin\u00e4kyvyyden ja ammattimaisuuden todellisen arvon. T\u00e4n\u00e4\u00e4n tuomme n\u00e4m\u00e4 samat arvot kiinteist\u00f6maailmaan tarjotaksemme palvelua, joka menee pelkk\u00e4\u00e4 ostamista ja myymist\u00e4 pidemm\u00e4lle \u2013 kyse on sijoituksesi suojelemisesta rehellisyydell\u00e4 ja sitoutumisella.<\/p>\n<p>Pitk\u00e4\u00e4n kiinteist\u00f6alan s\u00e4\u00e4ntelyn puute sai meid\u00e4t suhtautumaan alaan varovaisesti. Emme halunneet koskaan vaarantaa asiakkaidemme varojen turvallisuutta tai omia eettisi\u00e4 standardejamme.<br \/>\nVuonna 2021 voimaan tullut uusi s\u00e4\u00e4ntely loi kuitenkin uuden aikakauden \u2013 mahdollisuuden m\u00e4\u00e4ritell\u00e4 kiinteist\u00f6kokemus uudelleen, hy\u00f6dynt\u00e4en asiantuntemustamme p\u00e4\u00e4omansuojelussa ja ihmiskeskeisess\u00e4 l\u00e4hestymistavassa.<\/p>\n<p>Ocean Home Real Estatella kuljemme rinnallasi joka askeleella \u2013 henkil\u00f6kohtaisesti ja ammattimaisesti \u2013 jotta l\u00f6yt\u00e4isit paitsi kiinteist\u00f6n, my\u00f6s todellisen kodin.<\/p>\n\t\t\t\t\t\t\t\t<\/div>\n\t\t\t\t<\/div>\n\t\t\t\t<\/div>\n\t\t<div class=\"elementor-element elementor-element-303fef0 e-con-full e-flex e-con e-child\" data-id=\"303fef0\" data-element_type=\"container\" data-settings=\"{&quot;background_background&quot;:&quot;classic&quot;}\">\n\t\t\t\t<\/div>\n\t\t\t\t\t<\/div>\n\t\t\t\t<\/div>\n\t\t<div class=\"elementor-element elementor-element-5753c4d e-flex e-con-boxed e-con e-parent\" data-id=\"5753c4d\" data-element_type=\"container\" data-settings=\"{&quot;background_background&quot;:&quot;classic&quot;}\">\n\t\t\t\t\t<div class=\"e-con-inner\">\n\t\t\t\t<div class=\"elementor-element elementor-element-41713b2 elementor-widget elementor-widget-heading\" data-id=\"41713b2\" data-element_type=\"widget\" data-widget_type=\"heading.default\">\n\t\t\t\t<div class=\"elementor-widget-container\">\n\t\t\t\t\t<h2 class=\"elementor-heading-title elementor-size-default\">Liity seuraamme t\u00e4lle matkalle<\/h2>\t\t\t\t<\/div>\n\t\t\t\t<\/div>\n\t\t\t\t<div class=\"elementor-element elementor-element-e06eb3b elementor-widget elementor-widget-heading\" data-id=\"e06eb3b\" data-element_type=\"widget\" data-widget_type=\"heading.default\">\n\t\t\t\t<div class=\"elementor-widget-container\">\n\t\t\t\t\t<h2 class=\"elementor-heading-title elementor-size-default\"> Tutustutaan yhdess\u00e4 johonkin ainutlaatuiseen<\/h2>\t\t\t\t<\/div>\n\t\t\t\t<\/div>\n\t\t\t\t\t<\/div>\n\t\t\t\t<\/div>\n\t\t<div class=\"elementor-element elementor-element-bbd5ca0 e-flex e-con-boxed e-con e-parent\" data-id=\"bbd5ca0\" data-element_type=\"container\">\n\t\t\t\t\t<div class=\"e-con-inner\">\n\t\t<div class=\"elementor-element elementor-element-0f57142 e-con-full e-flex e-con e-child\" data-id=\"0f57142\" data-element_type=\"container\">\n\t\t\t\t<div class=\"elementor-element elementor-element-ad0f88f elementor-widget elementor-widget-heading\" data-id=\"ad0f88f\" data-element_type=\"widget\" data-widget_type=\"heading.default\">\n\t\t\t\t<div class=\"elementor-widget-container\">\n\t\t\t\t\t<h3 class=\"elementor-heading-title elementor-size-default\">Kansainv\u00e4liset kiinteist\u00f6asiantuntijat \u2013 yhdist\u00e4mme Euroopan ja Balin<\/h3>\t\t\t\t<\/div>\n\t\t\t\t<\/div>\n\t\t\t\t<div class=\"elementor-element elementor-element-7062fe9 elementor-widget elementor-widget-text-editor\" data-id=\"7062fe9\" data-element_type=\"widget\" data-widget_type=\"text-editor.default\">\n\t\t\t\t<div class=\"elementor-widget-container\">\n\t\t\t\t\t\t\t\t\t<p>Ocean Home Real Estatella olemme ylpeit\u00e4 voidessamme toimia maailmanlaajuisesti ja yhdist\u00e4\u00e4 Euroopan ja Balin, Indonesian, tarjoamalla ainutlaatuisia kiinteist\u00f6sijoitusmahdollisuuksia.<br \/>\nEtsitp\u00e4 sitten ylellist\u00e4 asuntoa Espanjasta tai rantahuvilaa Balilta, tarjoamme ammattimaisen ja sujuvan palvelukokemuksen, joka ylitt\u00e4\u00e4 rajat.<\/p>\n<p>Kansainv\u00e4linen tiimimme yhdist\u00e4\u00e4 suomalaisen tehokkuuden, saksalaisen tarkkuuden ja syv\u00e4llisen paikallistuntemuksen, luoden ainutlaatuisen yhdistelm\u00e4n kulttuurista ja osaamisesta. T\u00e4m\u00e4 takaa yksil\u00f6llisesti r\u00e4\u00e4t\u00e4l\u00f6idyn kiinteist\u00f6palvelun, joka vastaa juuri sinun tarpeisiisi.<\/p>\n\t\t\t\t\t\t\t\t<\/div>\n\t\t\t\t<\/div>\n\t\t\t\t<div class=\"elementor-element elementor-element-b6907af elementor-widget elementor-widget-heading\" data-id=\"b6907af\" data-element_type=\"widget\" data-widget_type=\"heading.default\">\n\t\t\t\t<div class=\"elementor-widget-container\">\n\t\t\t\t\t<h3 class=\"elementor-heading-title elementor-size-default\"> Kiinteist\u00f6v\u00e4lityst\u00e4 rehellisyydell\u00e4 ja luottamuksella<\/h3>\t\t\t\t<\/div>\n\t\t\t\t<\/div>\n\t\t\t\t<div class=\"elementor-element elementor-element-f291f6a elementor-widget elementor-widget-text-editor\" data-id=\"f291f6a\" data-element_type=\"widget\" data-widget_type=\"text-editor.default\">\n\t\t\t\t<div class=\"elementor-widget-container\">\n\t\t\t\t\t\t\t\t\t<p>Meille kiinteist\u00f6nv\u00e4litys on paljon enemm\u00e4n kuin ostamista tai myymist\u00e4 \u2013 se on luottamukseen perustuvien suhteiden rakentamista. Siksi kohtelemme jokaista asiakasta rehellisesti, l\u00e4pin\u00e4kyv\u00e4sti ja tarkalla huomiolla yksityiskohtiin.<br \/>\nAlustavasta neuvonnasta aina lakiasioiden loppuun saattamiseen saakka, turvallisuutesi, tyytyv\u00e4isyytesi ja pitk\u00e4aikainen onnistumisesi ovat meille t\u00e4rkeint\u00e4.<\/p>\n\t\t\t\t\t\t\t\t<\/div>\n\t\t\t\t<\/div>\n\t\t\t\t<div class=\"elementor-element elementor-element-5d958f3 elementor-widget elementor-widget-heading\" data-id=\"5d958f3\" data-element_type=\"widget\" data-widget_type=\"heading.default\">\n\t\t\t\t<div class=\"elementor-widget-container\">\n\t\t\t\t\t<h3 class=\"elementor-heading-title elementor-size-default\">Kiinteist\u00f6sijoittaminen Balilla<\/h3>\t\t\t\t<\/div>\n\t\t\t\t<\/div>\n\t\t\t\t<div class=\"elementor-element elementor-element-1cf9965 elementor-widget elementor-widget-text-editor\" data-id=\"1cf9965\" data-element_type=\"widget\" data-widget_type=\"text-editor.default\">\n\t\t\t\t<div class=\"elementor-widget-container\">\n\t\t\t\t\t\t\t\t\t<p>Maailmanlaajuisesti haluttuna kohteena Bali tarjoaa poikkeuksellisia kiinteist\u00f6sijoitusmahdollisuuksia, niin yksityisille ostajille kuin suurille sijoittajille.<br \/>\nSyv\u00e4llinen asiantuntemuksemme Balilla sijaitsevasta kiinteist\u00f6markkinasta auttaa sinua tekem\u00e4\u00e4n p\u00e4\u00e4t\u00f6ksi\u00e4 luottavaisesti ja tietoon perustuen.<\/p>\n<p>Olipa kyseess\u00e4 ylellinen huvila Canggussa tai uudiskohde Uluwatussa, paikallistuntemuksemme ja ammattitaitoinen neuvonta takaavat, ett\u00e4 saat sijoituksestasi parhaan mahdollisen arvon.<\/p>\n\t\t\t\t\t\t\t\t<\/div>\n\t\t\t\t<\/div>\n\t\t\t\t<div class=\"elementor-element elementor-element-031274e elementor-widget elementor-widget-heading\" data-id=\"031274e\" data-element_type=\"widget\" data-widget_type=\"heading.default\">\n\t\t\t\t<div class=\"elementor-widget-container\">\n\t\t\t\t\t<h3 class=\"elementor-heading-title elementor-size-default\">Uusi aikakausi kansainv\u00e4lisiss\u00e4 kiinteist\u00f6palveluissa<\/h3>\t\t\t\t<\/div>\n\t\t\t\t<\/div>\n\t\t\t\t<div class=\"elementor-element elementor-element-9a4f2a4 elementor-widget elementor-widget-text-editor\" data-id=\"9a4f2a4\" data-element_type=\"widget\" data-widget_type=\"text-editor.default\">\n\t\t\t\t<div class=\"elementor-widget-container\">\n\t\t\t\t\t\t\t\t\t<p>Ocean Home Real Estatella luottamuksesi on meille arvokkain voimavara \u2013 ja mielenrauhasi korkein prioriteettimme.<br \/>\nTervetuloa uudenlaiseen kansainv\u00e4lisen kiinteist\u00f6nv\u00e4lityksen aikakauteen, jossa rehellisyys, ammattitaito ja huippuosaaminen yhdistyv\u00e4t auttaakseen sinua toteuttamaan unelmasi t\u00e4ydellisest\u00e4 kodista \u2013 miss\u00e4 p\u00e4in maailmaa tahansa.<\/p>\n\t\t\t\t\t\t\t\t<\/div>\n\t\t\t\t<\/div>\n\t\t\t\t<\/div>\n\t\t<div class=\"elementor-element elementor-element-9d888e5 e-con-full e-flex e-con e-child\" data-id=\"9d888e5\" data-element_type=\"container\" data-settings=\"{&quot;background_background&quot;:&quot;classic&quot;}\">\n\t\t\t\t<\/div>\n\t\t\t\t\t<\/div>\n\t\t\t\t<\/div>\n\t\t\t\t<\/div>\n\t\t","protected":false},"excerpt":{"rendered":"<p>Miss\u00e4 kokemus kohtaa erinomaisuuden \u2013 yli rajojen. Raikas, ammattimainen ja turvallinen l\u00e4hestymistapa kansainv\u00e4lisiin kiinteist\u00f6palveluihin. Ocean Home Real Estatella tarjoamme uuden n\u00e4k\u00f6kulman kiinteist\u00f6alaan. N\u00e4kemyksemme pohjautuu yli kymmenen vuoden kokemukseen vakuutusalalta, miss\u00e4 asiakkaidemme etujen suojeleminen on aina ollut ensisijainen tavoitteemme. T\u00e4m\u00e4 tausta on opettanut meille luottamuksen, l\u00e4pin\u00e4kyvyyden ja ammattimaisuuden todellisen arvon. T\u00e4n\u00e4\u00e4n tuomme n\u00e4m\u00e4 samat arvot kiinteist\u00f6maailmaan [&hellip;]<\/p>\n","protected":false},"author":1,"featured_media":0,"parent":0,"menu_order":0,"comment_status":"closed","ping_status":"closed","template":"elementor_header_footer","meta":{"inline_featured_image":false,"_monsterinsights_skip_tracking":false,"_monsterinsights_sitenote_active":false,"_monsterinsights_sitenote_note":"","_monsterinsights_sitenote_category":0,"_uf_show_specific_survey":0,"_uf_disable_surveys":false,"footnotes":""},"class_list":["post-108914","page","type-page","status-publish","hentry"],"aioseo_notices":[],"_links":{"self":[{"href":"https:\/\/oceanhome.es\/fi\/wp-json\/wp\/v2\/pages\/108914","targetHints":{"allow":["GET"]}}],"collection":[{"href":"https:\/\/oceanhome.es\/fi\/wp-json\/wp\/v2\/pages"}],"about":[{"href":"https:\/\/oceanhome.es\/fi\/wp-json\/wp\/v2\/types\/page"}],"author":[{"embeddable":true,"href":"https:\/\/oceanhome.es\/fi\/wp-json\/wp\/v2\/users\/1"}],"replies":[{"embeddable":true,"href":"https:\/\/oceanhome.es\/fi\/wp-json\/wp\/v2\/comments?post=108914"}],"version-history":[{"count":6,"href":"https:\/\/oceanhome.es\/fi\/wp-json\/wp\/v2\/pages\/108914\/revisions"}],"predecessor-version":[{"id":417977,"href":"https:\/\/oceanhome.es\/fi\/wp-json\/wp\/v2\/pages\/108914\/revisions\/417977"}],"wp:attachment":[{"href":"https:\/\/oceanhome.es\/fi\/wp-json\/wp\/v2\/media?parent=108914"}],"curies":[{"name":"wp","href":"https:\/\/api.w.org\/{rel}","templated":true}]}}